{"id":73,"date":"2015-11-20T20:16:42","date_gmt":"2015-11-20T19:16:42","guid":{"rendered":"http:\/\/les-confiseries-de-sophie.fr\/sournia\/?page_id=73"},"modified":"2025-06-19T01:58:32","modified_gmt":"2025-06-19T00:58:32","slug":"commandez-achetez","status":"publish","type":"page","link":"https:\/\/les-confiseries-de-sophie.fr\/sournia\/commandez-achetez\/","title":{"rendered":"Commandez Achetez"},"content":{"rendered":"<p style=\"text-align: left;\">Vous pouvez acheter nos produits dans ces diff\u00e9rents endroits :<\/p>\n<h3 style=\"text-align: center;\">March\u00e9s Ponctuel<\/h3>\n<hr \/>\n<p style=\"text-align: center;\"><em><strong>&#8211; March\u00e9s d&rsquo;\u00e9t\u00e9 &#8211;<\/strong><\/em><\/p>\n<p style=\"text-align: center;\"><em><strong><br \/>\n<strong>March\u00e9 des Festives\u00a0 d&rsquo;Eyne (66)<\/strong><br \/>\n<\/strong><\/em>De 14h \u00e0 18h le samedi 20 Juin 2025<\/p>\n<p style=\"text-align: center;\">\n<p style=\"text-align: center;\"><strong><em>March\u00e9 des artisans \u00e0 Passa\u00a0 au Monastir del Camp (66)<\/em><\/strong><\/p>\n<p style=\"text-align: center;\">De 9h \u00e0 15h le mardi 8 Juillet 2025<\/p>\n<p style=\"text-align: center;\">\n<p style=\"text-align: center;\"><strong><em>March\u00e9 des producteurs d&rsquo;Eyne (66)<\/em><\/strong><\/p>\n<p style=\"text-align: center;\">Tous les mardi de 9h \u00e0 14h du 15 Juillet au 19 Ao\u00fbt 2025<\/p>\n<p style=\"text-align: center;\">\n<p style=\"text-align: center;\"><strong><em>March\u00e9 des producteurs de Sournia (66)<\/em><\/strong><\/p>\n<p style=\"text-align: center;\">Tous les jeudi de 8h30 \u00e0 12h du 17 Juillet au 28 Ao\u00fbt 2025<\/p>\n<p style=\"text-align: center;\">\n<p style=\"text-align: center;\"><strong><em>Foire bio de Prades (66)<\/em><\/strong><\/p>\n<p style=\"text-align: center;\">De 9h \u00e0 18h le dimanche 20 Juillet 2025<\/p>\n<p style=\"text-align: center;\"><strong>\u00a0<\/strong><\/p>\n<blockquote>\n<hr \/>\n<p style=\"text-align: center;\"><em><strong>&#8211; March\u00e9s pass\u00e9s &#8211;<br \/>\n<\/strong><\/em><\/p>\n<p style=\"text-align: center;\"><em>&#8211; Mai &#8211;<\/em><\/p>\n<p style=\"text-align: center;\"><strong>Sournia<\/strong><br \/>\nle March\u00e9 du Fait main<\/p>\n<p style=\"text-align: center;\"><strong>Parc San Vicens de Perpignan<\/strong><br \/>\nla F\u00eate de la Nature<\/p>\n<p style=\"text-align: center;\"><em>&#8211; Juin &#8211;<\/em><\/p>\n<p style=\"text-align: center;\"><strong>Prats de Sournia\u00a0<\/strong><br \/>\nle Balcon des Fenouill\u00e8des<\/p>\n<p style=\"text-align: center;\"><strong>Villefranche de Conflent<\/strong><br \/>\nFoire gastronomique<\/p>\n<p style=\"text-align: center;\"><strong>Eyne<\/strong><br \/>\nF&rsquo;estive Eyne<\/p>\n<p style=\"text-align: center;\"><strong>Perpignan<\/strong><br \/>\nD\u00e9gustation\u00a0\u00e0 la Biocoop de Mailloles<\/p>\n<p style=\"text-align: center;\"><em>&#8211; Juillet et Ao\u00fbt &#8211;<\/em><\/p>\n<p style=\"text-align: center;\"><strong>Les march\u00e9s d&rsquo;\u00e9t\u00e9<\/strong><br \/>\nles mardis<strong> Eyne<\/strong> toute la journ\u00e9e<br \/>\nles jeudis\u00a0\u00e0 <strong>Sournia<\/strong>\u00a0le matin<\/p>\n<p style=\"text-align: center;\"><em>&#8211; Septembre &#8211;<\/em><\/p>\n<p style=\"text-align: center;\"><strong>Baillestavy<\/strong><br \/>\nF\u00eate de l\u2019\u00c2ne<\/p>\n<p style=\"text-align: center;\"><em>&#8211; D\u00e9cembre &#8211;<\/em><\/p>\n<p style=\"text-align: center;\"><strong>Taurinya<br \/>\n<\/strong>le March\u00e9 de no\u00ebl<\/p>\n<p style=\"text-align: center;\"><strong>Sournia<br \/>\n<\/strong>la journ\u00e9e Rallye<br \/>\nvide-grenier dans les Fenouill\u00e8des<\/p>\n<p style=\"text-align: center;\"><strong>Saillagouse<\/strong><br \/>\nle March\u00e9 de no\u00ebl<\/p>\n<p style=\"text-align: center;\"><strong>Thuir<\/strong><br \/>\nla Foire au Gras<\/p>\n<\/blockquote>\n<h3>Sur place au magasin \u00e0 Prades<\/h3>\n<p><a href=\"http:\/\/les-confiseries-de-sophie.fr\/sournia\/wp-content\/uploads\/2015\/11\/facade-sophie.jpg\"><img decoding=\"async\" loading=\"lazy\" class=\" wp-image-88 alignright\" src=\"http:\/\/les-confiseries-de-sophie.fr\/sournia\/wp-content\/uploads\/2015\/11\/facade-sophie-275x300.jpg\" alt=\"facade-sophie\" width=\"356\" height=\"380\" \/><\/a>124 avenue du G\u00e9n\u00e9ral de Gaulle (66500)<\/p>\n<h3>Dans les Biocoop<\/h3>\n<p><strong>Argel\u00e8s-sur-Mer (66)<br \/>\nBiocoop Argeline<\/strong><br \/>\nChemin de Palau<br \/>\nT\u00e9l. 04 68 56 77 94<\/p>\n<p><strong>B\u00e9ziers (34)<\/strong><a href=\"http:\/\/www.biocoop-beziers.fr\/\" target=\"_blank\" rel=\"noopener\"><strong> Biocoop Pa\u00efs d&rsquo;Oc<\/strong><br \/>\n<\/a>150 Route de P\u00e9zenas<br \/>\nT\u00e9l. 04 67 11 57 37<\/p>\n<p><strong>Bolqu\u00e8re (66) <a href=\"http:\/\/www.bioteafull.fr\/\" target=\"_blank\" rel=\"noopener\">Bioteafull<\/a><\/strong><br \/>\nD618 &#8211; T\u00e9l. 04 30 45 40 10<\/p>\n<p><strong>Carcassonne (11) <a href=\"mailto:tourne-sol2@wanadoo.fr\" target=\"_blank\" rel=\"noopener\">Biocoop Tournesol<\/a><\/strong><br \/>\nZAC Les Graves, 8 Rue Jean Antoine Chaptal<br \/>\nT\u00e9l. 04 68 72 47 62<\/p>\n<p><strong>C\u00e9ret (66) <a href=\"http:\/\/www.biosud66-ceret.fr\/\" target=\"_blank\" rel=\"noopener\">Montse Copovi Sarl<\/a><\/strong><br \/>\n1 Rue de Bat\u00e8re &#8211; ZAC OULRICH<br \/>\nT\u00e9l. 04 68 22 01 29<\/p>\n<p><strong>Claira (66) <a href=\"mailto:cosmosclaira@orange.fr\" target=\"_blank\" rel=\"noopener\">Biocoop Cosmos Claira<\/a><\/strong><br \/>\nZone commerciale Route D\u00e9partementale 83<br \/>\nT\u00e9l. 04 68 53 63 21<\/p>\n<p><strong>Canet en Roussillon (66) <a href=\"http:\/\/www.biocoop-canet.fr\" target=\"_blank\" rel=\"noopener\">Biocoop Canet<\/a><\/strong><strong><a href=\"http:\/\/www.bio66.com\/fr\/annuaire\/magasins-11\/les-confiseries-de-sophie-sournia-599.html\"><img decoding=\"async\" loading=\"lazy\" class=\"size-full wp-image-130 alignright\" src=\"http:\/\/les-confiseries-de-sophie.fr\/sournia\/wp-content\/uploads\/2015\/11\/bio66.png\" alt=\"bio66\" width=\"173\" height=\"94\" \/><\/a><\/strong><br \/>\n1 rue Paul \u00c9mile Victor &#8211; T\u00e9l. 04 68 08 53 11<\/p>\n<p><strong>Cabestany (66) <a href=\"http:\/\/www.biocoopcabestany.com\/\" target=\"_blank\" rel=\"noopener\">Biocoop Cosmos Cabestany<\/a><\/strong><br \/>\n15 rue Becquerel Mas Gu\u00e9rido &#8211; T\u00e9l. 04 68 62 19 59<\/p>\n<p><strong>Le Cr\u00e8s (34) <a href=\"http:\/\/biocoop-lecres.fr\/\" target=\"_blank\" rel=\"noopener\">Biocoop L&rsquo;Aile du Papillon<\/a><\/strong><br \/>\n10 Route de N\u00eemes &#8211; T\u00e9l. 04 67 87 05 88<\/p>\n<p><strong>Perpignan (66) <a href=\"mailto:cosmosperpi@aliceadsl.fr\" target=\"_blank\" rel=\"noopener\">Biocoop Cosmos Perpignan<\/a><\/strong><br \/>\n12 Av. de Prades 66000 PERPIGNAN &#8211; T\u00e9l. 04 68 56 62 97<\/p>\n<p><strong>Prades (66) <a href=\"mailto:contact@plantula.fr\" target=\"_blank\" rel=\"noopener\">Biocoop La Plantula<\/a><\/strong><br \/>\nSCOP TERRAISOL 7 rue de la basse &#8211; T\u00e9l. 04 68 96 08 58<\/p>\n<p><strong>Olonzac (11) Biocoop Minervois<\/strong><\/p>\n<h3>Chez les commer\u00e7ants :<\/h3>\n<p><strong>Perpignan aux p\u00e9ch\u00e9s gourmands<\/strong><br \/>\n3 Rue Victor Mirabeau &#8211; T\u00e9l. 04 68 80 68 18<\/p>\n<p><strong>Portet sur Garonne (11) La Fermi\u00e8re<\/strong><br \/>\n<span class=\"_Xbe\">19 Boulevard de l&rsquo;Europe &#8211; <\/span><span class=\"_Xbe kno-fv\"><span class=\"_QUg\">T\u00e9l. <\/span>05 61 72 33 31<\/span><\/p>\n<p><strong>Boule d&rsquo;amont (66) <a href=\"http:\/\/www.ledepartement66.fr\/102-prieure-de-serrabona.htm\" target=\"_blank\" rel=\"noopener\">Prieur\u00e9 de Serrabone<\/a><\/strong><br \/>\nT\u00e9l. <span class=\"_Xbe _due kno-fv\">04 68 84 09 30<\/span><\/p>\n<p><strong>Arboussols (66) <a href=\"http:\/\/www.prieure-de-marcevol.fr\/\" target=\"_blank\" rel=\"noopener\">Prieur\u00e9 de Marcevol<\/a><\/strong><br \/>\nT\u00e9l. 04 68 05 24 25<\/p>\n<p><strong>St Paul de Fenouillet (66) Mas Peyre<\/strong><br \/>\n<span class=\"_Xbe\">39 Avenue G\u00e9n de Gaulle <\/span><span class=\"_Xbe kno-fv\"><span class=\"_QUg\">T\u00e9l. <\/span>04 68 61 07 03<\/span><\/p>\n<p><strong>Caudies de Fenouill\u00e8des (66) Le Comptoir de l&rsquo;Agly<\/strong><\/p>\n<p><strong>Mosset (66) <a href=\"http:\/\/mosset.fr\/art\/tour-des-parfums\" target=\"_blank\" rel=\"noopener\">La Tour des Parfums<\/a><\/strong><br \/>\nT\u00e9l. 04 68 05 38 32<\/p>\n<p><strong>Mosset (66) <a href=\"http:\/\/mosset.fr\/halte-gourmande\/epicerie-mossetane\" target=\"_blank\" rel=\"noopener\">\u00e0 l&rsquo;Epicerie<\/a><\/strong><br \/>\n1 place St Julien T\u00e9l. 04 68 05 35 16<\/p>\n<p><strong>Sournia (66) \u00e0 l&rsquo;Epicerie fine<\/strong><br \/>\n<span class=\"_Xbe\">7 Rue de l&rsquo;Escalier de Pierre &#8211; <\/span><span class=\"_Xbe kno-fv\"><span class=\"_QUg\">T\u00e9l. <\/span>04 68 96 15 06<\/span><\/p>\n<p><strong>Molitg les Bains (66) <a href=\"http:\/\/www.epicerielebontemps.fr\/\" target=\"_blank\" rel=\"noopener\">Epicerie le Bon Temps<\/a><\/strong><br \/>\n1 Cam\u00ed Nou &#8211; T\u00e9l. 04 34 52 90 93<\/p>\n<p><strong>Saint Paul de Fenouillet (66) <a href=\"http:\/\/www.lecroquantdestpaul.com\/martine-et-guy-b%C3%A8s\/\" target=\"_blank\" rel=\"noopener\">Le Croquant chez Martine et Guy<\/a><\/strong><br \/>\n<span class=\"st\">18, rue Marcel Pagnol &#8211; T\u00e9l. 04 68 59 00 69<\/span><\/p>\n<p><strong>Trouillas (66) Les Oliviers de la Canterrane<\/strong><br \/>\n<span class=\"_Xbe kno-fv\"><span class=\"_QUg\">T\u00e9l. <\/span>04 68 53 47 90<\/span><\/p>\n<p><strong>Matemale (66) <a href=\"http:\/\/www.bienvenue-a-la-ferme.com\/languedoc-roussillon\/ferme-le-dourmidou-117615\/contact_plan_acces\" target=\"_blank\" rel=\"noopener\">Le Dourmidou<\/a><\/strong><br \/>\n<span class=\"_Xbe\">Rue de la Mouline &#8211; T\u00e9l. <\/span><span class=\"_Xbe kno-fv\">04 68 30 13 55<\/span><\/p>\n<p><strong>Font-Romeu (66) <a href=\"https:\/\/www.facebook.com\/pages\/La-Ferme-des-Lloses-Boutique\/118149094981050\" target=\"_blank\" rel=\"noopener\">La Ferme des Lloses<\/a><\/strong><br \/>\n<span class=\"_Xbe\">1 Avenue Mal Joffre<\/span><br \/>\n<a href=\"https:\/\/www.facebook.com\/MarcheDeProducteursDePaysEyne\"><img decoding=\"async\" loading=\"lazy\" class=\"alignright wp-image-137\" src=\"http:\/\/les-confiseries-de-sophie.fr\/sournia\/wp-content\/uploads\/2015\/11\/marche-eyne.jpg\" alt=\"marche-eyne\" width=\"356\" height=\"316\" srcset=\"https:\/\/les-confiseries-de-sophie.fr\/sournia\/wp-content\/uploads\/2015\/11\/marche-eyne.jpg 463w, https:\/\/les-confiseries-de-sophie.fr\/sournia\/wp-content\/uploads\/2015\/11\/marche-eyne-300x266.jpg 300w\" sizes=\"(max-width: 356px) 100vw, 356px\" \/><\/a><span class=\"_Xbe kno-fv\"><span class=\"_QUg\">T\u00e9l. <\/span>04 68 04 79 51<\/span><\/p>\n<p><strong>Saillagouse (66) Ah la Laiterie<\/strong><br \/>\n<span class=\"_Xbe\">66800 Err &#8211; <\/span><span class=\"_Xbe kno-fv\"><span class=\"_QUg\">T\u00e9l. <\/span>06 16 32 64 13<\/span><\/p>\n<h3>Sur les March\u00e9s<\/h3>\n<p><strong>Eyne<\/strong> le mardi toute la journ\u00e9e<br \/>\nde d\u00e9but juillet jusqu&rsquo;\u00e0 fin ao\u00fbt<\/p>\n<h3>Sur internet<\/h3>\n<p><strong>Vin\u00e7a<\/strong> <a href=\"https:\/\/laruchequiditoui.fr\/fr\/assemblies\/3621\" target=\"_blank\" rel=\"noopener\"><strong>La Ruche qui dit oui<\/strong><\/a><\/p>\n<p>bient\u00f4t sur ce site &#8230; c&rsquo;est un projet<br \/>\nn&rsquo;h\u00e9sitez pas \u00e0 faire vos demande par <a href=\"http:\/\/les-confiseries-de-sophie.fr\/sournia\/contact\/\">mail<\/a> pour le moment&#8230;<\/p>\n<p>pour tout compl\u00e9ment de renseignement vous pouvez nous contacter<br \/>\npar T\u00e9l\u00e9phone au 06 26 18 84 55<\/p>\n<p><span style=\"font-size: 18.72px; font-weight: bold; text-align: center;\">\u00a0<\/span><\/p>\n<p><span style=\"font-size: 18.72px; font-weight: bold; text-align: center;\">\u00a0<\/span><\/p>\n","protected":false},"excerpt":{"rendered":"<p>Vous pouvez acheter nos produits dans ces diff\u00e9rents endroits : March\u00e9s Ponctuel &#8211; March\u00e9s d&rsquo;\u00e9t\u00e9 &#8211; March\u00e9 des Festives\u00a0 d&rsquo;Eyne (66) De 14h \u00e0 18h le samedi 20 Juin 2025 <a class=\"more-link\" href=\"https:\/\/les-confiseries-de-sophie.fr\/sournia\/commandez-achetez\/\">lire la suite&#8230;<\/a><\/p>\n","protected":false},"author":1,"featured_media":0,"parent":0,"menu_order":0,"comment_status":"closed","ping_status":"closed","template":"","meta":[],"_links":{"self":[{"href":"https:\/\/les-confiseries-de-sophie.fr\/sournia\/wp-json\/wp\/v2\/pages\/73"}],"collection":[{"href":"https:\/\/les-confiseries-de-sophie.fr\/sournia\/wp-json\/wp\/v2\/pages"}],"about":[{"href":"https:\/\/les-confiseries-de-sophie.fr\/sournia\/wp-json\/wp\/v2\/types\/page"}],"author":[{"embeddable":true,"href":"https:\/\/les-confiseries-de-sophie.fr\/sournia\/wp-json\/wp\/v2\/users\/1"}],"replies":[{"embeddable":true,"href":"https:\/\/les-confiseries-de-sophie.fr\/sournia\/wp-json\/wp\/v2\/comments?post=73"}],"version-history":[{"count":68,"href":"https:\/\/les-confiseries-de-sophie.fr\/sournia\/wp-json\/wp\/v2\/pages\/73\/revisions"}],"predecessor-version":[{"id":225,"href":"https:\/\/les-confiseries-de-sophie.fr\/sournia\/wp-json\/wp\/v2\/pages\/73\/revisions\/225"}],"wp:attachment":[{"href":"https:\/\/les-confiseries-de-sophie.fr\/sournia\/wp-json\/wp\/v2\/media?parent=73"}],"curies":[{"name":"wp","href":"https:\/\/api.w.org\/{rel}","templated":true}]}}