{"id":34,"date":"2015-11-19T22:10:07","date_gmt":"2015-11-19T21:10:07","guid":{"rendered":"http:\/\/les-confiseries-de-sophie.fr\/sournia\/?page_id=34"},"modified":"2015-11-20T20:06:53","modified_gmt":"2015-11-20T19:06:53","slug":"la-fabrique","status":"publish","type":"page","link":"https:\/\/les-confiseries-de-sophie.fr\/sournia\/la-fabrique\/","title":{"rendered":"La fabrique"},"content":{"rendered":"<p>&#8211; page en cours les diff\u00e9rentes \u00e9tapes de fabrication &#8211;<\/p>\n<p>\t<div class='ngg-imagebrowser' id='ngg-imagebrowser-65-34' data-nextgen-gallery-id=\"65\">\n\n    <h3>fabrication de la p\u00e2te m\u00e8re (eau, miel, farine)<\/h3>\n\n\t\t<div id=\"ngg-image-0\" class=\"pic\" >\n        <a href='https:\/\/les-confiseries-de-sophie.fr\/sournia\/wp-content\/gallery\/fabrique\/IMG_6669.jpg'\n           title=' '\n           data-src=\"https:\/\/les-confiseries-de-sophie.fr\/sournia\/wp-content\/gallery\/fabrique\/IMG_6669.jpg\"\n           data-thumbnail=\"https:\/\/les-confiseries-de-sophie.fr\/sournia\/wp-content\/gallery\/fabrique\/thumbs\/thumbs_IMG_6669.jpg\"\n           data-image-id=\"15\"\n           data-title=\"fabrication de la p\u00e2te m\u00e8re (eau, miel, farine)\"\n           data-description=\" \"\n           class=\"ngg-fancybox\" rel=\"65\">\n            <img title='fabrication de la p\u00e2te m\u00e8re (eau, miel, farine)'\n                 alt='fabrication de la p\u00e2te m\u00e8re (eau, miel, farine)'\n                 src='https:\/\/les-confiseries-de-sophie.fr\/sournia\/wp-content\/gallery\/fabrique\/IMG_6669.jpg'\/>\n        <\/a>\n\t  <\/div> \n\n    <div class='ngg-imagebrowser-nav'>\n\n        <div class='back'>\n            <a class='ngg-browser-prev'\n               id='ngg-prev-28'\n               href='https:\/\/les-confiseries-de-sophie.fr\/sournia\/la-fabrique\/nggallery\/image\/wp_20150418_023\/'>\n                &#9668; Retour            <\/a>\n        <\/div>\n\n        <div class='next'>\n            <a class='ngg-browser-next'\n               id='ngg-next-25'\n               href='https:\/\/les-confiseries-de-sophie.fr\/sournia\/la-fabrique\/nggallery\/image\/wp_20150418_009\/'>\n                Suivant                &#9658;\n            <\/a>\n        <\/div>\n\n        <div class='counter'>\n            Image 1 parmi 14        <\/div>\n\n        <div class='ngg-imagebrowser-desc'>\n            <p>\n                             <\/p>\n        <\/div>\n\n    <\/div>\n\n<\/div>\n<script type='text\/javascript'>\n\tjQuery(function($) {\n\t\tnew NggPaginatedGallery('65', '.ngg-imagebrowser');\n\t});\n<\/script><\/p>\n<p>S\u00e9lection des ingr\u00e9dients<br \/>\nPr\u00e9paration<br \/>\nCuisson<br \/>\nConditionnement<\/p>\n","protected":false},"excerpt":{"rendered":"<p>&#8211; page en cours les diff\u00e9rentes \u00e9tapes de fabrication &#8211; S\u00e9lection des ingr\u00e9dients Pr\u00e9paration Cuisson Conditionnement<\/p>\n","protected":false},"author":1,"featured_media":0,"parent":0,"menu_order":0,"comment_status":"closed","ping_status":"closed","template":"","meta":[],"_links":{"self":[{"href":"https:\/\/les-confiseries-de-sophie.fr\/sournia\/wp-json\/wp\/v2\/pages\/34"}],"collection":[{"href":"https:\/\/les-confiseries-de-sophie.fr\/sournia\/wp-json\/wp\/v2\/pages"}],"about":[{"href":"https:\/\/les-confiseries-de-sophie.fr\/sournia\/wp-json\/wp\/v2\/types\/page"}],"author":[{"embeddable":true,"href":"https:\/\/les-confiseries-de-sophie.fr\/sournia\/wp-json\/wp\/v2\/users\/1"}],"replies":[{"embeddable":true,"href":"https:\/\/les-confiseries-de-sophie.fr\/sournia\/wp-json\/wp\/v2\/comments?post=34"}],"version-history":[{"count":2,"href":"https:\/\/les-confiseries-de-sophie.fr\/sournia\/wp-json\/wp\/v2\/pages\/34\/revisions"}],"predecessor-version":[{"id":66,"href":"https:\/\/les-confiseries-de-sophie.fr\/sournia\/wp-json\/wp\/v2\/pages\/34\/revisions\/66"}],"wp:attachment":[{"href":"https:\/\/les-confiseries-de-sophie.fr\/sournia\/wp-json\/wp\/v2\/media?parent=34"}],"curies":[{"name":"wp","href":"https:\/\/api.w.org\/{rel}","templated":true}]}}